{"id":9,"date":"2015-06-22T19:55:00","date_gmt":"2015-06-22T17:55:00","guid":{"rendered":"http:\/\/www.tierverhaltenszentrum.de\/?page_id=9"},"modified":"2017-10-08T21:46:00","modified_gmt":"2017-10-08T19:46:00","slug":"home","status":"publish","type":"page","link":"https:\/\/www.kehrwieder-retriever.de\/","title":{"rendered":"Home"},"content":{"rendered":"<div style=\"position: absolute; left: -6986px;\"><a href=\"http:\/\/essaywriters.us\/\">best essay writers<\/a><\/div>\n<h2><strong>Herzlich Willkommen!<\/strong><\/h2>\n<p>Auf dieser Seite finden Sie Informationen \u00fcber unsere Hunde und unsere FCI- Zuchtst\u00e4tte &#8222;Kehrwieder&#8230;&#8220;<\/p>\n<p>Wir z\u00fcchten Labradore aus Arbeitslinien im DRC (Deutscher Retriever Club), der Mitglied im JGHV (Jagdgebrauchshundeverein) und im VDH (Verband f\u00fcr das deutsche Hundewesen) ist.<\/p>\n<p>Unsere Hunde werden als Rettungshunde und in der Dummyarbeit gef\u00fchrt.<\/p>\n<p>Wenn Sie Fragen zu unseren Hunden und unserer Zucht haben, nehmen Sie gerne <a href=\"https:\/\/www.kehrwieder-retriever.de\/?page_id=79\">Kontakt<\/a> zu uns auf.<\/p>\n<p>&nbsp;<\/p>\n<p>Viel Spa\u00df beim St\u00f6bern!<br \/>\nWibke Wohlfromm<\/p>\n<p><a href=\"https:\/\/www.kehrwieder-retriever.de\/wp-content\/uploads\/2015\/06\/startseite.png\"><img loading=\"lazy\" decoding=\"async\" class=\"alignnone size-full wp-image-608\" src=\"https:\/\/www.kehrwieder-retriever.de\/wp-content\/uploads\/2015\/06\/startseite.png\" alt=\"\" width=\"916\" height=\"281\" srcset=\"https:\/\/www.kehrwieder-retriever.de\/wp-content\/uploads\/2015\/06\/startseite.png 916w, https:\/\/www.kehrwieder-retriever.de\/wp-content\/uploads\/2015\/06\/startseite-300x92.png 300w, https:\/\/www.kehrwieder-retriever.de\/wp-content\/uploads\/2015\/06\/startseite-768x236.png 768w\" sizes=\"auto, (max-width: 916px) 100vw, 916px\" \/><\/a><\/p>\n","protected":false},"excerpt":{"rendered":"<p>best essay writers Herzlich Willkommen! Auf dieser Seite finden Sie Informationen \u00fcber unsere Hunde und unsere FCI- Zuchtst\u00e4tte &#8222;Kehrwieder&#8230;&#8220; Wir z\u00fcchten Labradore aus Arbeitslinien im DRC (Deutscher Retriever Club), der Mitglied im JGHV (Jagdgebrauchshundeverein) und im VDH (Verband f\u00fcr das deutsche Hundewesen) ist. Unsere Hunde werden als Rettungshunde und in der Dummyarbeit gef\u00fchrt. Wenn Sie &hellip; <\/p>\n<p><a class=\"more-link block-button\" href=\"https:\/\/www.kehrwieder-retriever.de\/\">Weiterlesen &raquo;<\/a><\/p>\n","protected":false},"author":2,"featured_media":0,"parent":0,"menu_order":0,"comment_status":"open","ping_status":"open","template":"template-onecolumn.php","meta":{"footnotes":""},"class_list":["post-9","page","type-page","status-publish","hentry","nodate"],"_links":{"self":[{"href":"https:\/\/www.kehrwieder-retriever.de\/index.php?rest_route=\/wp\/v2\/pages\/9","targetHints":{"allow":["GET"]}}],"collection":[{"href":"https:\/\/www.kehrwieder-retriever.de\/index.php?rest_route=\/wp\/v2\/pages"}],"about":[{"href":"https:\/\/www.kehrwieder-retriever.de\/index.php?rest_route=\/wp\/v2\/types\/page"}],"author":[{"embeddable":true,"href":"https:\/\/www.kehrwieder-retriever.de\/index.php?rest_route=\/wp\/v2\/users\/2"}],"replies":[{"embeddable":true,"href":"https:\/\/www.kehrwieder-retriever.de\/index.php?rest_route=%2Fwp%2Fv2%2Fcomments&post=9"}],"version-history":[{"count":22,"href":"https:\/\/www.kehrwieder-retriever.de\/index.php?rest_route=\/wp\/v2\/pages\/9\/revisions"}],"predecessor-version":[{"id":731,"href":"https:\/\/www.kehrwieder-retriever.de\/index.php?rest_route=\/wp\/v2\/pages\/9\/revisions\/731"}],"wp:attachment":[{"href":"https:\/\/www.kehrwieder-retriever.de\/index.php?rest_route=%2Fwp%2Fv2%2Fmedia&parent=9"}],"curies":[{"name":"wp","href":"https:\/\/api.w.org\/{rel}","templated":true}]}}