{"id":704,"date":"2017-10-04T16:58:03","date_gmt":"2017-10-04T14:58:03","guid":{"rendered":"http:\/\/www.kehrwieder-retriever.de\/?page_id=704"},"modified":"2017-10-19T11:54:51","modified_gmt":"2017-10-19T09:54:51","slug":"daten-rala","status":"publish","type":"page","link":"https:\/\/www.kehrwieder-retriever.de\/?page_id=704","title":{"rendered":"Ergebnisse Rala"},"content":{"rendered":"<p><strong><a href=\"https:\/\/www.kehrwieder-retriever.de\/wp-content\/uploads\/2017\/09\/BQ4F8999.jpeg\"><img loading=\"lazy\" decoding=\"async\" class=\"wp-image-597 alignright\" src=\"https:\/\/www.kehrwieder-retriever.de\/wp-content\/uploads\/2017\/09\/BQ4F8999.jpeg\" alt=\"\" width=\"185\" height=\"260\" srcset=\"https:\/\/www.kehrwieder-retriever.de\/wp-content\/uploads\/2017\/09\/BQ4F8999.jpeg 454w, https:\/\/www.kehrwieder-retriever.de\/wp-content\/uploads\/2017\/09\/BQ4F8999-213x300.jpeg 213w\" sizes=\"auto, (max-width: 185px) 100vw, 185px\" \/><\/a><\/strong><strong>Gesundheitsergebnisse<\/strong><\/p>\n<p>H\u00fcfte: A1\/A1<\/p>\n<p>Ellenbogen: frei \/ frei<\/p>\n<p>sonstige Befunde: OCD-Schulter: frei, OCD-Sprunggelenk: frei<\/p>\n<p>&nbsp;<\/p>\n<p>Augen: RD: frei, PRA: frei, Katarakt: frei vom 29.08.17<\/p>\n<p>Zahnstatus: P1 unten rechts doppelt<\/p>\n<p>&nbsp;<\/p>\n<p>Gentests:<\/p>\n<p>prcd-PRA: \u00fcber Erbgang frei<\/p>\n<p>CNM: \u00fcber Erbgang frei<\/p>\n<p>EIC: \u00fcber Erbgang frei<\/p>\n<p>SD2: Tr\u00e4ger<\/p>\n<p>HNPK: \u00fcber Erbgang frei<\/p>\n<p>&nbsp;<\/p>\n<hr \/>\n<h4><strong>Pr\u00fcfungen<\/strong><\/h4>\n<p><strong>Rettungshunde-Eignungstest 2015<a href=\"https:\/\/www.kehrwieder-retriever.de\/wp-content\/uploads\/2017\/10\/Rala-trinkt-1.png\"><img loading=\"lazy\" decoding=\"async\" class=\"wp-image-671 alignright\" src=\"https:\/\/www.kehrwieder-retriever.de\/wp-content\/uploads\/2017\/10\/Rala-trinkt-1.png\" alt=\"\" width=\"235\" height=\"181\" \/><\/a><br \/>\n<\/strong><\/p>\n<p><strong>Rettungshund &#8211; Fl\u00e4che gepr\u00fcft nach GemPPO April 2016 <\/strong><\/p>\n<p><strong>Anzeigeart: Bringsler<br \/>\n<\/strong><\/p>\n<p>seit 2016 im Einsatz als Rettungshund beim ASB-Hamburg Eimsb\u00fcttel<\/p>\n<p>&nbsp;<\/p>\n<p>&nbsp;<\/p>\n<p>&nbsp;<\/p>\n<p>&nbsp;<\/p>\n<hr \/>\n<p><strong>weitere Pr\u00fcfungen<\/strong><\/p>\n<p>&nbsp;<\/p>\n<p>BHV Hundef\u00fchrerschein<\/p>\n<p>&nbsp;<\/p>\n<p>Dummy A<\/p>\n<p>&nbsp;<\/p>\n<p>Schnupperworkingtest<a href=\"https:\/\/www.kehrwieder-retriever.de\/wp-content\/uploads\/2017\/09\/1729.jpeg\"><img loading=\"lazy\" decoding=\"async\" class=\"wp-image-548 alignright\" src=\"https:\/\/www.kehrwieder-retriever.de\/wp-content\/uploads\/2017\/09\/1729.jpeg\" alt=\"\" width=\"133\" height=\"200\" srcset=\"https:\/\/www.kehrwieder-retriever.de\/wp-content\/uploads\/2017\/09\/1729.jpeg 427w, https:\/\/www.kehrwieder-retriever.de\/wp-content\/uploads\/2017\/09\/1729-200x300.jpeg 200w\" sizes=\"auto, (max-width: 133px) 100vw, 133px\" \/><\/a><a href=\"https:\/\/www.kehrwieder-retriever.de\/wp-content\/uploads\/2017\/09\/BQ4F8975.jpeg\"><img loading=\"lazy\" decoding=\"async\" class=\"wp-image-595 alignright\" src=\"https:\/\/www.kehrwieder-retriever.de\/wp-content\/uploads\/2017\/09\/BQ4F8975.jpeg\" alt=\"\" width=\"136\" height=\"205\" srcset=\"https:\/\/www.kehrwieder-retriever.de\/wp-content\/uploads\/2017\/09\/BQ4F8975.jpeg 213w, https:\/\/www.kehrwieder-retriever.de\/wp-content\/uploads\/2017\/09\/BQ4F8975-200x300.jpeg 200w\" sizes=\"auto, (max-width: 136px) 100vw, 136px\" \/><\/a><\/p>\n<p>&nbsp;<\/p>\n<p>Workingtest A<\/p>\n<p>&nbsp;<\/p>\n<p>Jugendpr\u00fcfung f\u00fcr Retriever (JP\/R)<\/p>\n<p>&nbsp;<\/p>\n<p>:<\/p>\n<p>&nbsp;<\/p>\n<p>&nbsp;<\/p>\n<hr \/>\n<p><strong>Wesenstest am 10.09.2017<\/strong><\/p>\n<p>Temperament, Bewegungs- und Spieltrieb:<br \/>\nDie 40 Monate alte Labrador H\u00fcndin zeigt heute sehr hohes Temperament und ist sehr bewegungs- und spielfreudig.<\/p>\n<p>Ausdauer, Unerschrockenheit, H\u00e4rte, Aufmerksamkeit:<br \/>\nSie hat gro\u00dfe Ausdauer, ist aufmerksam und im gesamten Test unerschrocken.<\/p>\n<p>Beute- und Bringtrieb, Sp\u00fcr- und St\u00f6bertrieb:<br \/>\nMit gro\u00dfer Freude apportiert die H\u00fcndin, alle angebotenen Gegenst\u00e4nde werden fr\u00f6hlich zugetragen. Sp\u00fcrverhalten wird gut sichtbar.<\/p>\n<p>Unterordnung und Bindung:<br \/>\nZu ihrem Menschen hat sie eine sehr vertrauensvolle Bindung und ordnet sich jederzeit fr\u00f6hlich unter.<\/p>\n<p>Sicherheit gegen\u00fcber Menschen, Kreisprobe, R\u00fcckenlage:<br \/>\nAuf Menschen geht sie neugierig zu. Der Kreis belastet sie nicht, die Seitenlage genie\u00dft sie.<\/p>\n<p>Sicherheit gegen\u00fcber optischen und akustischen Reizen:<br \/>\nDie opt. und akust. Reize schaut sie sich v\u00f6llig sicher, neugierig und interessiert an.<\/p>\n<p>Schussfestigkeit:<br \/>\nAuf die Sch\u00fcsse hin geht sie in eine Suche.<\/p>\n<p>Bemerkungen:<br \/>\nEine aktive H\u00fcndin mit hoher Arbeitsfreude, die sich heute offen allem gegen\u00fcber zeigt.<\/p>\n<p>Richter: Muhr<\/p>\n<hr \/>\n<p><strong>Formwert:<\/strong><\/p>\n<p>56cm<\/p>\n<p>sehr gut<br \/>\nIdeale Gr\u00f6\u00dfe, femininer Kopf, ausdrucksvolle dunkle Augen, vorz\u00fcglich getragener Behang, sehr gut gebauter K\u00f6rper, etwas lang, wenig Vorbrust, korrekte Linien u. Winkelungen, bewegt sich sehr gut.<\/p>\n<p>Richter: Assenmacher-Feyel<\/p>\n<hr \/>\n<p>&nbsp;<\/p>\n","protected":false},"excerpt":{"rendered":"<p>Gesundheitsergebnisse H\u00fcfte: A1\/A1 Ellenbogen: frei \/ frei sonstige Befunde: OCD-Schulter: frei, OCD-Sprunggelenk: frei &nbsp; Augen: RD: frei, PRA: frei, Katarakt: frei vom 29.08.17 Zahnstatus: P1 unten rechts doppelt &nbsp; Gentests: prcd-PRA: \u00fcber Erbgang frei CNM: \u00fcber Erbgang frei EIC: \u00fcber Erbgang frei SD2: Tr\u00e4ger HNPK: \u00fcber Erbgang frei &nbsp; Pr\u00fcfungen Rettungshunde-Eignungstest 2015 Rettungshund &#8211; Fl\u00e4che &hellip; <\/p>\n<p><a class=\"more-link block-button\" href=\"https:\/\/www.kehrwieder-retriever.de\/?page_id=704\">Weiterlesen &raquo;<\/a><\/p>\n","protected":false},"author":1,"featured_media":0,"parent":0,"menu_order":0,"comment_status":"closed","ping_status":"closed","template":"","meta":{"footnotes":""},"class_list":["post-704","page","type-page","status-publish","hentry","nodate"],"_links":{"self":[{"href":"https:\/\/www.kehrwieder-retriever.de\/index.php?rest_route=\/wp\/v2\/pages\/704","targetHints":{"allow":["GET"]}}],"collection":[{"href":"https:\/\/www.kehrwieder-retriever.de\/index.php?rest_route=\/wp\/v2\/pages"}],"about":[{"href":"https:\/\/www.kehrwieder-retriever.de\/index.php?rest_route=\/wp\/v2\/types\/page"}],"author":[{"embeddable":true,"href":"https:\/\/www.kehrwieder-retriever.de\/index.php?rest_route=\/wp\/v2\/users\/1"}],"replies":[{"embeddable":true,"href":"https:\/\/www.kehrwieder-retriever.de\/index.php?rest_route=%2Fwp%2Fv2%2Fcomments&post=704"}],"version-history":[{"count":15,"href":"https:\/\/www.kehrwieder-retriever.de\/index.php?rest_route=\/wp\/v2\/pages\/704\/revisions"}],"predecessor-version":[{"id":763,"href":"https:\/\/www.kehrwieder-retriever.de\/index.php?rest_route=\/wp\/v2\/pages\/704\/revisions\/763"}],"wp:attachment":[{"href":"https:\/\/www.kehrwieder-retriever.de\/index.php?rest_route=%2Fwp%2Fv2%2Fmedia&parent=704"}],"curies":[{"name":"wp","href":"https:\/\/api.w.org\/{rel}","templated":true}]}}