{"id":648,"date":"2017-10-03T23:38:03","date_gmt":"2017-10-03T21:38:03","guid":{"rendered":"http:\/\/www.kehrwieder-retriever.de\/?page_id=648"},"modified":"2017-10-15T12:27:03","modified_gmt":"2017-10-15T10:27:03","slug":"kehrwieder","status":"publish","type":"page","link":"https:\/\/www.kehrwieder-retriever.de\/?page_id=648","title":{"rendered":"Kehrwieder&#8230;"},"content":{"rendered":"<p>Lange, lange habe ich auf der Suche nach einem passenden Zwingernamen Ideen <a href=\"https:\/\/www.kehrwieder-retriever.de\/wp-content\/uploads\/2017\/10\/20170923_163640.jpg\"><img loading=\"lazy\" decoding=\"async\" class=\"wp-image-722 alignright\" src=\"https:\/\/www.kehrwieder-retriever.de\/wp-content\/uploads\/2017\/10\/20170923_163640.jpg\" alt=\"\" width=\"163\" height=\"290\" srcset=\"https:\/\/www.kehrwieder-retriever.de\/wp-content\/uploads\/2017\/10\/20170923_163640.jpg 2592w, https:\/\/www.kehrwieder-retriever.de\/wp-content\/uploads\/2017\/10\/20170923_163640-169x300.jpg 169w, https:\/\/www.kehrwieder-retriever.de\/wp-content\/uploads\/2017\/10\/20170923_163640-768x1365.jpg 768w, https:\/\/www.kehrwieder-retriever.de\/wp-content\/uploads\/2017\/10\/20170923_163640-576x1024.jpg 576w\" sizes=\"auto, (max-width: 163px) 100vw, 163px\" \/><\/a><\/p>\n<p>gesammelt und wieder verworfen. Und dann kommt manchmal der Zufall zu Hilfe.<\/p>\n<p>Mein Mann und ich sa\u00dfen bei einer Bierverkostung, als der Braumeister, ebenfalls geb\u00fcrtiger Hamburger, davon erz\u00e4hlte, wie er nach einigen Jahren im Ausland wieder nach Hamburg kam und seine Biermarke &#8222;Kehrwieder Brauerei&#8220; nannte.<\/p>\n<p>&#8222;Kehrwieder&#8220; ist ein alter norddeutscher Seemannsgru\u00df und in Hamburg findet man die &#8222;Kehrwiederspitze&#8220; am Hafen, wo sich die Familien versammelten, um den Seem\u00e4nnern eine gesunde Heimkehr zu w\u00fcnschen.<\/p>\n<p>Sofort gefiel mir diese Geschichte (ob sie nun historisch korrekt ist, kann ich nicht beurteilen) und gleich als n\u00e4chstes fiel mir auf, was f\u00fcr ein passender Name &#8222;Kehrwieder&#8220; f\u00fcr einen Apportierhund ist.<\/p>\n<p>So kam es also zu unserem Zwingernamen, der mich an meine Heimatstadt Hamburg erinnert.<\/p>\n<p>&nbsp;<\/p>\n<p>&nbsp;<\/p>\n","protected":false},"excerpt":{"rendered":"<p>Lange, lange habe ich auf der Suche nach einem passenden Zwingernamen Ideen gesammelt und wieder verworfen. Und dann kommt manchmal der Zufall zu Hilfe. Mein Mann und ich sa\u00dfen bei einer Bierverkostung, als der Braumeister, ebenfalls geb\u00fcrtiger Hamburger, davon erz\u00e4hlte, wie er nach einigen Jahren im Ausland wieder nach Hamburg kam und seine Biermarke &#8222;Kehrwieder &hellip; <\/p>\n<p><a class=\"more-link block-button\" href=\"https:\/\/www.kehrwieder-retriever.de\/?page_id=648\">Weiterlesen &raquo;<\/a><\/p>\n","protected":false},"author":1,"featured_media":0,"parent":0,"menu_order":0,"comment_status":"closed","ping_status":"closed","template":"","meta":{"footnotes":""},"class_list":["post-648","page","type-page","status-publish","hentry","nodate"],"_links":{"self":[{"href":"https:\/\/www.kehrwieder-retriever.de\/index.php?rest_route=\/wp\/v2\/pages\/648","targetHints":{"allow":["GET"]}}],"collection":[{"href":"https:\/\/www.kehrwieder-retriever.de\/index.php?rest_route=\/wp\/v2\/pages"}],"about":[{"href":"https:\/\/www.kehrwieder-retriever.de\/index.php?rest_route=\/wp\/v2\/types\/page"}],"author":[{"embeddable":true,"href":"https:\/\/www.kehrwieder-retriever.de\/index.php?rest_route=\/wp\/v2\/users\/1"}],"replies":[{"embeddable":true,"href":"https:\/\/www.kehrwieder-retriever.de\/index.php?rest_route=%2Fwp%2Fv2%2Fcomments&post=648"}],"version-history":[{"count":8,"href":"https:\/\/www.kehrwieder-retriever.de\/index.php?rest_route=\/wp\/v2\/pages\/648\/revisions"}],"predecessor-version":[{"id":757,"href":"https:\/\/www.kehrwieder-retriever.de\/index.php?rest_route=\/wp\/v2\/pages\/648\/revisions\/757"}],"wp:attachment":[{"href":"https:\/\/www.kehrwieder-retriever.de\/index.php?rest_route=%2Fwp%2Fv2%2Fmedia&parent=648"}],"curies":[{"name":"wp","href":"https:\/\/api.w.org\/{rel}","templated":true}]}}