{"id":567,"date":"2017-09-12T12:55:29","date_gmt":"2017-09-12T10:55:29","guid":{"rendered":"http:\/\/www.kehrwieder-retriever.de\/?page_id=567"},"modified":"2026-02-08T20:21:22","modified_gmt":"2026-02-08T19:21:22","slug":"wurfplanung","status":"publish","type":"page","link":"https:\/\/www.kehrwieder-retriever.de\/?page_id=567","title":{"rendered":"Wurfplanung"},"content":{"rendered":"\n<p>Wir planen f\u00fcr Fr\u00fchjahr 2026 unseren dritten Wurf mit Fee<\/p>\n\n\n\n<p>Kehrwieder Bremen\u00a0\u00a0\u00a0\u00a0\u00a0\u00a0\u00a0\u00a0\u00a0\u00a0\u00a0\u00a0                                 X\u00a0\u00a0 \u00a0\u00a0\u00a0                         Lyebreach Golden Eagle of Riverlily<\/p>\n\n\n\n<div class=\"wp-block-columns is-layout-flex wp-container-core-columns-is-layout-9d6595d7 wp-block-columns-is-layout-flex\">\n<div class=\"wp-block-column is-layout-flow wp-block-column-is-layout-flow\"><div class=\"wp-block-image\">\n<figure class=\"alignleft size-large is-resized\"><a href=\"https:\/\/www.kehrwieder-retriever.de\/wp-content\/uploads\/2020\/10\/IMG-20200612-WA0022.jpg\"><img loading=\"lazy\" decoding=\"async\" width=\"768\" height=\"1024\" src=\"https:\/\/www.kehrwieder-retriever.de\/wp-content\/uploads\/2020\/10\/IMG-20200612-WA0022-768x1024.jpg\" alt=\"\" class=\"wp-image-1281\" style=\"width:409px;height:546px\" srcset=\"https:\/\/www.kehrwieder-retriever.de\/wp-content\/uploads\/2020\/10\/IMG-20200612-WA0022.jpg 768w, https:\/\/www.kehrwieder-retriever.de\/wp-content\/uploads\/2020\/10\/IMG-20200612-WA0022-225x300.jpg 225w\" sizes=\"auto, (max-width: 768px) 100vw, 768px\" \/><\/a><\/figure>\n<\/div>\n\n\n<div class=\"wp-block-columns is-layout-flex wp-container-core-columns-is-layout-9d6595d7 wp-block-columns-is-layout-flex\">\n<div class=\"wp-block-column is-layout-flow wp-block-column-is-layout-flow\" style=\"flex-basis:100%\">\n<figure class=\"wp-block-gallery has-nested-images columns-default is-cropped wp-block-gallery-1 is-layout-flex wp-block-gallery-is-layout-flex\">\n<figure class=\"wp-block-image size-large\"><a href=\"https:\/\/www.kehrwieder-retriever.de\/wp-content\/uploads\/2025\/01\/WhatsApp-Bild-2024-11-19-um-21.11.41_99d2f501.jpg\"><img loading=\"lazy\" decoding=\"async\" width=\"768\" height=\"1024\" data-id=\"1641\" src=\"https:\/\/www.kehrwieder-retriever.de\/wp-content\/uploads\/2025\/01\/WhatsApp-Bild-2024-11-19-um-21.11.41_99d2f501-768x1024.jpg\" alt=\"\" class=\"wp-image-1641\" srcset=\"https:\/\/www.kehrwieder-retriever.de\/wp-content\/uploads\/2025\/01\/WhatsApp-Bild-2024-11-19-um-21.11.41_99d2f501-768x1024.jpg 768w, https:\/\/www.kehrwieder-retriever.de\/wp-content\/uploads\/2025\/01\/WhatsApp-Bild-2024-11-19-um-21.11.41_99d2f501-225x300.jpg 225w, https:\/\/www.kehrwieder-retriever.de\/wp-content\/uploads\/2025\/01\/WhatsApp-Bild-2024-11-19-um-21.11.41_99d2f501-1152x1536.jpg 1152w, https:\/\/www.kehrwieder-retriever.de\/wp-content\/uploads\/2025\/01\/WhatsApp-Bild-2024-11-19-um-21.11.41_99d2f501.jpg 1536w\" sizes=\"auto, (max-width: 768px) 100vw, 768px\" \/><\/a><\/figure>\n<\/figure>\n<\/div>\n<\/div>\n\n\n\n<div class=\"wp-block-group\"><div class=\"wp-block-group__inner-container is-layout-constrained wp-block-group-is-layout-constrained\">\n<div class=\"wp-block-columns is-layout-flex wp-container-core-columns-is-layout-9d6595d7 wp-block-columns-is-layout-flex\">\n<div class=\"wp-block-column is-layout-flow wp-block-column-is-layout-flow\">\n<p class=\"has-text-align-left\">Tildaross Aston                                             <\/p>\n\n\n\n<p>x Loreca&#8217;s Curie<\/p>\n<\/div>\n\n\n\n<div class=\"wp-block-column is-layout-flow wp-block-column-is-layout-flow\">\n<p class=\"has-text-align-left\">Levenghyl Malusi<\/p>\n\n\n\n<p>x Riverlily Sunshine Swift at Lyebreach<\/p>\n<\/div>\n<\/div>\n<\/div><\/div>\n<\/div>\n<\/div>\n\n\n\n<p>Es wird im Fr\u00fchjahr 2026 eine Wiedrholung unserers E-Wurfes geben. Fee wurde Anfang Februar von Rooster gedeckt und wenn alles klappt, erwarten wir die Welpen Anfang April, kurz nach Ostern. <\/p>\n\n\n\n<p><\/p>\n\n\n\n<p>Roosters Ahnentafel findet sich hier:<\/p>\n\n\n\n<p><a href=\"https:\/\/k9data.com\/pedigree.asp?ID=1332531\">https:\/\/k9data.com\/pedigree.asp?ID=1332531<\/a><\/p>\n\n\n\n<div class=\"wp-block-columns is-layout-flex wp-container-core-columns-is-layout-9d6595d7 wp-block-columns-is-layout-flex\">\n<div class=\"wp-block-column is-layout-flow wp-block-column-is-layout-flow\" style=\"flex-basis:50%\">\n<p class=\"has-text-align-left\">Die Ahnentafel eines m\u00f6glichen Wurfes findet sich hier: <a href=\"https:\/\/k9data.com\/pedigree.asp?ID=1344151\">https:\/\/k9data.com\/pedigree.asp?ID=1344151<\/a><\/p>\n<\/div>\n<\/div>\n\n\n\n<p>&nbsp;Wir erhoffen uns auch aus diesem Wurf gesunde, arbeitsfreudige Labradore f\u00fcr aktive Menschen. Da wir uns bewusst f\u00fcr die Zucht von Retrievern aus sogenannten &#8222;Arbeitslinien&#8220; entschieden haben, sollten diese Hunde in ihrem zuk\u00fcnftigem Zuhause sinnvoll besch\u00e4ftigt werden. Die Auswahl ist dabei sehr vielf\u00e4ltig (jagdliche Arbeit, Dummyarbeit, Rettungshund u.v.m.) und gerne bieten wir eine Beratung f\u00fcr eine passende Besch\u00e4ftigung an.<\/p>\n\n\n\n<p>Die Welpen wachsen bei uns im Haus und Garten auf und haben schon fr\u00fchzeitig Kontakt zu anderen Hunden, Katzen und verschiedenen Menschen (von Kindern bis Senioren). Sie lernen viele Umweltreize aus dem Haus und von Drau\u00dfen (erste Ausfl\u00fcge, Fahrten mit dem Auto) kennen. Bei der Abgabe sind die Welpen mehrfach entwurmt, geimpft und gechipt und erhalten eine Ahnentafel des DRC (deutschen Retrieverclubs).&nbsp; Selbstverst\u00e4ndlich stehen wir unseren Welpenk\u00e4ufern gerne bei Fragen oder Problemen zur Seite und das ein Hundeleben lang.<\/p>\n\n\n\n<p><\/p>\n","protected":false},"excerpt":{"rendered":"<p>Wir planen f\u00fcr Fr\u00fchjahr 2026 unseren dritten Wurf mit Fee Kehrwieder Bremen\u00a0\u00a0\u00a0\u00a0\u00a0\u00a0\u00a0\u00a0\u00a0\u00a0\u00a0\u00a0 X\u00a0\u00a0 \u00a0\u00a0\u00a0 Lyebreach Golden Eagle of Riverlily Tildaross Aston x Loreca&#8217;s Curie Levenghyl Malusi x Riverlily Sunshine Swift at Lyebreach Es wird im Fr\u00fchjahr 2026 eine Wiedrholung unserers E-Wurfes geben. Fee wurde Anfang Februar von Rooster gedeckt und wenn alles klappt, erwarten wir &hellip; <\/p>\n<p><a class=\"more-link block-button\" href=\"https:\/\/www.kehrwieder-retriever.de\/?page_id=567\">Weiterlesen &raquo;<\/a><\/p>\n","protected":false},"author":1,"featured_media":0,"parent":563,"menu_order":0,"comment_status":"closed","ping_status":"closed","template":"","meta":{"footnotes":""},"class_list":["post-567","page","type-page","status-publish","hentry","nodate"],"_links":{"self":[{"href":"https:\/\/www.kehrwieder-retriever.de\/index.php?rest_route=\/wp\/v2\/pages\/567","targetHints":{"allow":["GET"]}}],"collection":[{"href":"https:\/\/www.kehrwieder-retriever.de\/index.php?rest_route=\/wp\/v2\/pages"}],"about":[{"href":"https:\/\/www.kehrwieder-retriever.de\/index.php?rest_route=\/wp\/v2\/types\/page"}],"author":[{"embeddable":true,"href":"https:\/\/www.kehrwieder-retriever.de\/index.php?rest_route=\/wp\/v2\/users\/1"}],"replies":[{"embeddable":true,"href":"https:\/\/www.kehrwieder-retriever.de\/index.php?rest_route=%2Fwp%2Fv2%2Fcomments&post=567"}],"version-history":[{"count":48,"href":"https:\/\/www.kehrwieder-retriever.de\/index.php?rest_route=\/wp\/v2\/pages\/567\/revisions"}],"predecessor-version":[{"id":1700,"href":"https:\/\/www.kehrwieder-retriever.de\/index.php?rest_route=\/wp\/v2\/pages\/567\/revisions\/1700"}],"up":[{"embeddable":true,"href":"https:\/\/www.kehrwieder-retriever.de\/index.php?rest_route=\/wp\/v2\/pages\/563"}],"wp:attachment":[{"href":"https:\/\/www.kehrwieder-retriever.de\/index.php?rest_route=%2Fwp%2Fv2%2Fmedia&parent=567"}],"curies":[{"name":"wp","href":"https:\/\/api.w.org\/{rel}","templated":true}]}}