{"id":25,"date":"2017-09-12T13:18:48","date_gmt":"2017-09-12T11:18:48","guid":{"rendered":"http:\/\/www.tierverhaltenszentrum.de\/?page_id=25"},"modified":"2017-10-15T12:19:49","modified_gmt":"2017-10-15T10:19:49","slug":"rala","status":"publish","type":"page","link":"https:\/\/www.kehrwieder-retriever.de\/?page_id=25","title":{"rendered":"Rala"},"content":{"rendered":"<h3><strong><a href=\"https:\/\/www.kehrwieder-retriever.de\/wp-content\/uploads\/2017\/09\/BQ4F8981.jpeg\"><img loading=\"lazy\" decoding=\"async\" class=\"alignnone wp-image-596\" src=\"https:\/\/www.kehrwieder-retriever.de\/wp-content\/uploads\/2017\/09\/BQ4F8981.jpeg\" alt=\"\" width=\"383\" height=\"255\" srcset=\"https:\/\/www.kehrwieder-retriever.de\/wp-content\/uploads\/2017\/09\/BQ4F8981.jpeg 640w, https:\/\/www.kehrwieder-retriever.de\/wp-content\/uploads\/2017\/09\/BQ4F8981-300x200.jpeg 300w\" sizes=\"auto, (max-width: 383px) 100vw, 383px\" \/><\/a><\/strong><\/h3>\n<h3><strong>Rala &#8211; Loreca&#8217;s Curie<br \/>\n<\/strong><\/h3>\n<p>&nbsp;<\/p>\n<p><strong>Rasse: Labrador Retriever aus spezieller jagdlicher Leistungszucht<br \/>\n<\/strong><\/p>\n<p><strong>Geburtstag: 05. Mai 2014<\/strong><\/p>\n<p><strong>Farbe: gelb<\/strong><\/p>\n<p>&nbsp;<\/p>\n<p><strong>Meine Rala<\/strong><a href=\"https:\/\/www.kehrwieder-retriever.de\/wp-content\/uploads\/2015\/08\/MG_70161.jpg\"><img loading=\"lazy\" decoding=\"async\" class=\"wp-image-209 alignleft\" src=\"https:\/\/www.kehrwieder-retriever.de\/wp-content\/uploads\/2015\/08\/MG_70161.jpg\" alt=\"\" width=\"174\" height=\"168\" srcset=\"https:\/\/www.kehrwieder-retriever.de\/wp-content\/uploads\/2015\/08\/MG_70161.jpg 3288w, https:\/\/www.kehrwieder-retriever.de\/wp-content\/uploads\/2015\/08\/MG_70161-300x289.jpg 300w, https:\/\/www.kehrwieder-retriever.de\/wp-content\/uploads\/2015\/08\/MG_70161-1024x987.jpg 1024w\" sizes=\"auto, (max-width: 174px) 100vw, 174px\" \/><\/a><\/p>\n<p>Diese kleine gelbe H\u00fcndin kam in aufregenden Zeiten zu uns nach Hause und hat sich trotzdem so unkompliziert und selbstverst\u00e4ndlich bei uns eingelebt.<\/p>\n<p>Ich bin ihrer Z\u00fcchterin Hannelore unendlich dankbar, dass sie uns damals vertraut hat und uns diese unglaubliche H\u00fcndin gegeben hat.<\/p>\n<p>Von Anfang an hat sie uns durch das wuselige Leben in Hamburg begleitet, ist mit unserem kleinen Sohn (der nur 2 Monate \u00e4lter ist als sie) gemeinsam gro\u00df geworden und hat sich sehr charmant mit der manchmal etwas grummeligen Flicka angefreundet.<\/p>\n<p>&nbsp;<\/p>\n<p>Im Alltag ist sie einfach nur toll und genauso wie ich mir einen Labrador vorstelle:<\/p>\n<p>Immer fr\u00f6hlich, immer bereit etwas zu unternehmen, aber sie f\u00e4llt im Haus nie auf. So lange nichts los ist, merkt man kaum, dass sie da ist. Wenn es gem\u00fctlich wird, kuschelt sie gerne mit uns oder den Kindern.<\/p>\n<p>Menschen begr\u00fc\u00dft sie grunds\u00e4tzlich freundlich und hat dabei so manchen Skeptiker um den Finger gewickelt und zu einem Spiel aufgefordert.<\/p>\n<p>Auf Spazierg\u00e4ngen ist sie voll Power unterwegs, dabei aber immer ansprechbar egal ob andere Hunde oder Wild in der N\u00e4he ist. Auch im gr\u00f6\u00dften Trubel (Kindergeburtstag, Sportveranstaltungen in Hamburg etc.) bleibt sie gelassen. Meinen Mann begleitet sie zum Lauftraining, wenn er sich z.B. auf einen Marathon vorbereitet.<\/p>\n<p>Sie macht uns das (Alltags-) Leben mit Hund wirklich sehr leicht und das bedeutet f\u00fcr uns sehr viel, auch wenn es nicht das wichtigste ist. Denn damit kommen wir zur Arbeit mit Rala.<\/p>\n<p><a href=\"https:\/\/www.kehrwieder-retriever.de\/wp-content\/uploads\/2017\/10\/Rala-mit-Ring-1.png\"><img loading=\"lazy\" decoding=\"async\" class=\"wp-image-669 alignleft\" src=\"https:\/\/www.kehrwieder-retriever.de\/wp-content\/uploads\/2017\/10\/Rala-mit-Ring-1.png\" alt=\"\" width=\"147\" height=\"228\" srcset=\"https:\/\/www.kehrwieder-retriever.de\/wp-content\/uploads\/2017\/10\/Rala-mit-Ring-1.png 203w, https:\/\/www.kehrwieder-retriever.de\/wp-content\/uploads\/2017\/10\/Rala-mit-Ring-1-193x300.png 193w\" sizes=\"auto, (max-width: 147px) 100vw, 147px\" \/><\/a>Rala und ich arbeiten in verschiedenen Bereichen miteinander. &#8222;Hauptberuflich&#8220; ist sie gepr\u00fcfter Rettungshund und geht mit mir gemeinsam auf Eins\u00e4tze in und um Hamburg.<\/p>\n<p>Sie ist der erste Bringsler, den ich ausgebildet habe und hat unglaublich schnell gelernt. Bereits im April 2016 (mit unter 2 Jahren) hat sie ihre erste Rettungshundepr\u00fcfung mit Bestnoten bestanden!<\/p>\n<p>Im Rettungshundetraining ist sie einfach gro\u00dfartig. Sie gibt immer Vollgas, ist mit Freude und vollem Einsatz dabei. Dabei nimmt sie auch schwieriges Gel\u00e4nde, wie Gestr\u00fcpp oder Dornenhecken an und arbeitet mit der Nase sicher und schnell jede Witterung aus. Als Bringsler muss sie mich zur\u00fcck zum Fundort f\u00fchren und auch dabei fasziniert mich die Selbstverst\u00e4ndlichkeit, mit der sie ihre Aufgabe erf\u00fcllt. Auch \u00fcber weite Strecken (gemessen haben wir einmal knapp 200m) quer durch den Wald f\u00fchrt sie mich sicher und zielstrebig zu der Versteckperson. Nur in der Tr\u00fcmmersuche muss man sie manchmal bremsen, dort sucht sie genauso kompromisslos und folgt dann der Witterung bis auf hohe Plattformen, von denen sie alleine nicht herunterkommt.<\/p>\n<p>Auch mit ihr in die Dummyarbeit und zum Teil auch in die jagdliche Arbeit reinzuschnuppern macht uns viel Spa\u00df. Wir schaffen es zwar nicht so regelm\u00e4\u00dfig, aber Rala lernt auch hier unglaublich schnell.Sie arbeitet selbstst\u00e4ndig, aber ist gleichzeitig sofort bereit mit mir zu kooperieren, wenn ich sie anspreche. Diese Balance zu halten ist f\u00fcr mich eine spannenden Aufgabe egal in welchem Arbeitsbereich und Rala und ich sind schnell zu einem guten Team geworden.<\/p>\n<p>Ich k\u00f6nnte noch sehr lange von meiner Rala schw\u00e4rmen, aber ich glaube es ist klar geworden, dass sie f\u00fcr mich ein ganz besonderer Herzenshund ist.<\/p>\n<p>Ich m\u00f6chte aber auch von ihren Schw\u00e4chen schreiben, denn ich finde es wichtig auch diese zu erkennen und zu berichten. Rala ist eine sehr &#8222;weiche&#8220; H\u00fcndin. Auf schlechte Stimmung oder laute Worte (auch wenn sie nicht ihr gelten) reagiert sie sehr sensibel. Im Training merkt man in Situationen, die sie nicht auf Anhieb l\u00f6sen kann, dass sie dann hektisch wird und sich damit oft selbst das Leben schwer macht. Aber auch daran arbeiten wir weiter, so dass sie auch mit solchen Situationen immer besser zurecht kommt.<\/p>\n<p><a href=\"https:\/\/www.kehrwieder-retriever.de\/wp-content\/uploads\/2017\/09\/BQ4F8914.jpeg\"><img loading=\"lazy\" decoding=\"async\" class=\" wp-image-590 alignleft\" src=\"https:\/\/www.kehrwieder-retriever.de\/wp-content\/uploads\/2017\/09\/BQ4F8914.jpeg\" alt=\"\" width=\"148\" height=\"213\" srcset=\"https:\/\/www.kehrwieder-retriever.de\/wp-content\/uploads\/2017\/09\/BQ4F8914.jpeg 222w, https:\/\/www.kehrwieder-retriever.de\/wp-content\/uploads\/2017\/09\/BQ4F8914-208x300.jpeg 208w\" sizes=\"auto, (max-width: 148px) 100vw, 148px\" \/><\/a><\/p>\n<p>&nbsp;<\/p>\n<p>In den Bereichen Gesundheit, Wesen, Arbeitsanlagen und nicht zuletzt auch dem Aussehen ist sie f\u00fcr mich ein besonderer Hund und damit entstand so nach und nach der Gedanke, auch mit ihr zu z\u00fcchten und diese Anlagen hoffentlich an eine weitere Generation Labradore weiterzugeben.<\/p>\n<p>&nbsp;<\/p>\n<p>&nbsp;<\/p>\n<p>&nbsp;<\/p>\n<p>&nbsp;<\/p>\n","protected":false},"excerpt":{"rendered":"<p>Rala &#8211; Loreca&#8217;s Curie &nbsp; Rasse: Labrador Retriever aus spezieller jagdlicher Leistungszucht Geburtstag: 05. Mai 2014 Farbe: gelb &nbsp; Meine Rala Diese kleine gelbe H\u00fcndin kam in aufregenden Zeiten zu uns nach Hause und hat sich trotzdem so unkompliziert und selbstverst\u00e4ndlich bei uns eingelebt. Ich bin ihrer Z\u00fcchterin Hannelore unendlich dankbar, dass sie uns damals &hellip; <\/p>\n<p><a class=\"more-link block-button\" href=\"https:\/\/www.kehrwieder-retriever.de\/?page_id=25\">Weiterlesen &raquo;<\/a><\/p>\n","protected":false},"author":1,"featured_media":0,"parent":560,"menu_order":0,"comment_status":"closed","ping_status":"closed","template":"","meta":{"footnotes":""},"class_list":["post-25","page","type-page","status-publish","hentry","nodate"],"_links":{"self":[{"href":"https:\/\/www.kehrwieder-retriever.de\/index.php?rest_route=\/wp\/v2\/pages\/25","targetHints":{"allow":["GET"]}}],"collection":[{"href":"https:\/\/www.kehrwieder-retriever.de\/index.php?rest_route=\/wp\/v2\/pages"}],"about":[{"href":"https:\/\/www.kehrwieder-retriever.de\/index.php?rest_route=\/wp\/v2\/types\/page"}],"author":[{"embeddable":true,"href":"https:\/\/www.kehrwieder-retriever.de\/index.php?rest_route=\/wp\/v2\/users\/1"}],"replies":[{"embeddable":true,"href":"https:\/\/www.kehrwieder-retriever.de\/index.php?rest_route=%2Fwp%2Fv2%2Fcomments&post=25"}],"version-history":[{"count":5,"href":"https:\/\/www.kehrwieder-retriever.de\/index.php?rest_route=\/wp\/v2\/pages\/25\/revisions"}],"predecessor-version":[{"id":754,"href":"https:\/\/www.kehrwieder-retriever.de\/index.php?rest_route=\/wp\/v2\/pages\/25\/revisions\/754"}],"up":[{"embeddable":true,"href":"https:\/\/www.kehrwieder-retriever.de\/index.php?rest_route=\/wp\/v2\/pages\/560"}],"wp:attachment":[{"href":"https:\/\/www.kehrwieder-retriever.de\/index.php?rest_route=%2Fwp%2Fv2%2Fmedia&parent=25"}],"curies":[{"name":"wp","href":"https:\/\/api.w.org\/{rel}","templated":true}]}}