{"id":1211,"date":"2020-01-03T22:59:07","date_gmt":"2020-01-03T21:59:07","guid":{"rendered":"http:\/\/www.kehrwieder-retriever.de\/?page_id=1211"},"modified":"2020-01-03T23:44:14","modified_gmt":"2020-01-03T22:44:14","slug":"auch-das-gehoert-dazu","status":"publish","type":"page","link":"https:\/\/www.kehrwieder-retriever.de\/?page_id=1211","title":{"rendered":"Auch das geh\u00f6rt dazu&#8230;"},"content":{"rendered":"<p>Hier m\u00f6chte ich nochmal eine Geschichte aus unserem B-Wurf berichten. Denn auch die weniger sch\u00f6nen Momente des Z\u00fcchter-Daseins geh\u00f6ren dazu und ich m\u00f6chte sie nicht verschweigen. Ich sehe es eher als meine Pflicht, auch dar\u00fcber offen zu berichten, genauso wie \u00fcber die Erfolge meiner Hunde und der Nachkommen.<\/p>\n<p>Das hier ist Kr\u00fcmel &#8211; Kehrwieder Berlin<\/p>\n<p><a href=\"https:\/\/www.kehrwieder-retriever.de\/wp-content\/uploads\/2019\/04\/Herrschwarz.jpg\"><img loading=\"lazy\" decoding=\"async\" class=\"alignnone wp-image-1159\" src=\"https:\/\/www.kehrwieder-retriever.de\/wp-content\/uploads\/2019\/04\/Herrschwarz.jpg\" alt=\"\" width=\"162\" height=\"216\" srcset=\"https:\/\/www.kehrwieder-retriever.de\/wp-content\/uploads\/2019\/04\/Herrschwarz.jpg 1200w, https:\/\/www.kehrwieder-retriever.de\/wp-content\/uploads\/2019\/04\/Herrschwarz-225x300.jpg 225w, https:\/\/www.kehrwieder-retriever.de\/wp-content\/uploads\/2019\/04\/Herrschwarz-768x1024.jpg 768w\" sizes=\"auto, (max-width: 162px) 100vw, 162px\" \/><\/a><\/p>\n<p>Er ist nicht nur ein wunderbarer, liebenswerter kleiner Kerl, er hat leider dazu einen intrahepatischen Lebershunt. F\u00fcr alle nicht-(Tier)-Mediziner: Vereinfacht gesagt ist das ist eine angeborene Fehlbildung der Blutgef\u00e4\u00dfe in der Leber. Rund um die Geburt verschlie\u00dft sich normalerweise ein Blutgef\u00e4\u00df, dass an der Leber vorbeif\u00fchrt. Bis dahin \u00fcbernimmt die Leber der Mutter alle Aufgaben. Bei einem Lebershunt fehlt dieser Verschlu\u00df, das Gef\u00e4\u00df bleibt offen. Dadurch kann die Leber ihre Aufgaben nur schlecht wahrnehmen, weil das Blut an ihr vorbei flie\u00dft. Um die Symptome zu mindern, bekommt er ein Di\u00e4tfutter, das speziell auf Lebererkrankungen abgestimmt ist. Damit kommt er gottseidank sehr gut zurecht. Im Dezember 2019 wurde er in der Tierklinik in Gie\u00dfen operiert und in den n\u00e4chsten Monaten wird sich zeigen, ob diese OP erfolgreich war. Dann k\u00f6nnte er tats\u00e4chlich ein ganz normales Leben f\u00fchren, was wir nat\u00fcrlich hoffen. Die Sorgen, die Gedanken und Entscheidungen, die wir uns rund um ihn gemacht haben, haben uns in diesem Jahr begleitet, aber sie geh\u00f6ren dazu, wenn man z\u00fcchtet. Wir danken allen Menschen, die uns dabei unterst\u00fctzt haben, ganz besonders seiner Pflegefamilie!!<\/p>\n<p>Falls sie Fragen oder Anmerkungen zum Lebershunt haben, melden sie sich gerne bei uns (s. Kontakt).<\/p>\n<p>&nbsp;<\/p>\n","protected":false},"excerpt":{"rendered":"<p>Hier m\u00f6chte ich nochmal eine Geschichte aus unserem B-Wurf berichten. Denn auch die weniger sch\u00f6nen Momente des Z\u00fcchter-Daseins geh\u00f6ren dazu und ich m\u00f6chte sie nicht verschweigen. Ich sehe es eher als meine Pflicht, auch dar\u00fcber offen zu berichten, genauso wie \u00fcber die Erfolge meiner Hunde und der Nachkommen. Das hier ist Kr\u00fcmel &#8211; Kehrwieder Berlin &hellip; <\/p>\n<p><a class=\"more-link block-button\" href=\"https:\/\/www.kehrwieder-retriever.de\/?page_id=1211\">Weiterlesen &raquo;<\/a><\/p>\n","protected":false},"author":1,"featured_media":0,"parent":0,"menu_order":0,"comment_status":"closed","ping_status":"closed","template":"","meta":{"footnotes":""},"class_list":["post-1211","page","type-page","status-publish","hentry","nodate"],"_links":{"self":[{"href":"https:\/\/www.kehrwieder-retriever.de\/index.php?rest_route=\/wp\/v2\/pages\/1211","targetHints":{"allow":["GET"]}}],"collection":[{"href":"https:\/\/www.kehrwieder-retriever.de\/index.php?rest_route=\/wp\/v2\/pages"}],"about":[{"href":"https:\/\/www.kehrwieder-retriever.de\/index.php?rest_route=\/wp\/v2\/types\/page"}],"author":[{"embeddable":true,"href":"https:\/\/www.kehrwieder-retriever.de\/index.php?rest_route=\/wp\/v2\/users\/1"}],"replies":[{"embeddable":true,"href":"https:\/\/www.kehrwieder-retriever.de\/index.php?rest_route=%2Fwp%2Fv2%2Fcomments&post=1211"}],"version-history":[{"count":4,"href":"https:\/\/www.kehrwieder-retriever.de\/index.php?rest_route=\/wp\/v2\/pages\/1211\/revisions"}],"predecessor-version":[{"id":1237,"href":"https:\/\/www.kehrwieder-retriever.de\/index.php?rest_route=\/wp\/v2\/pages\/1211\/revisions\/1237"}],"wp:attachment":[{"href":"https:\/\/www.kehrwieder-retriever.de\/index.php?rest_route=%2Fwp%2Fv2%2Fmedia&parent=1211"}],"curies":[{"name":"wp","href":"https:\/\/api.w.org\/{rel}","templated":true}]}}